{"id":1239,"date":"2025-07-22T16:28:36","date_gmt":"2025-07-22T14:28:36","guid":{"rendered":"https:\/\/agmeca.com\/privacy-policy\/"},"modified":"2025-10-15T10:19:19","modified_gmt":"2025-10-15T08:19:19","slug":"privacy-policy","status":"publish","type":"page","link":"https:\/\/agmeca.com\/en\/privacy-policy\/","title":{"rendered":"Privacy Policy"},"content":{"rendered":"<p>[et_pb_section fb_built=&#8221;1&#8243; _builder_version=&#8221;4.27.4&#8243; _module_preset=&#8221;default&#8221; background_color=&#8221;#F4F4F4&#8243; global_colors_info=&#8221;{}&#8221;][et_pb_row _builder_version=&#8221;4.27.4&#8243; _module_preset=&#8221;default&#8221; global_colors_info=&#8221;{}&#8221;][et_pb_column type=&#8221;4_4&#8243; _builder_version=&#8221;4.27.4&#8243; _module_preset=&#8221;default&#8221; global_colors_info=&#8221;{}&#8221;][et_pb_text _builder_version=&#8221;4.27.4&#8243; _module_preset=&#8221;default&#8221; header_text_align=&#8221;center&#8221; header_font_size=&#8221;72px&#8221; header_font_size_tablet=&#8221;72px&#8221; header_font_size_phone=&#8221;40px&#8221; header_font_size_last_edited=&#8221;on|phone&#8221; global_colors_info=&#8221;{}&#8221;]<\/p>\n<h1>Privacy Policy<\/h1>\n<p>[\/et_pb_text][et_pb_text _builder_version=&#8221;4.27.4&#8243; _module_preset=&#8221;default&#8221; custom_padding=&#8221;|||20px|false|false&#8221; hover_enabled=&#8221;0&#8243; border_width_left=&#8221;4px&#8221; border_color_left=&#8221;#000000&#8243; global_colors_info=&#8221;{}&#8221; sticky_enabled=&#8221;0&#8243;]<\/p>\n<p><em>Last update\u00a0: 13\/08\/2025<\/em><\/p>\n<p>[\/et_pb_text][et_pb_text _builder_version=&#8221;4.27.4&#8243; _module_preset=&#8221;default&#8221; text_font=&#8221;TT Firs gras||||||||&#8221; text_font_size=&#8221;24px&#8221; global_colors_info=&#8221;{}&#8221;]1. Purpose of the Privacy Policy[\/et_pb_text][et_pb_text _builder_version=&#8221;4.27.4&#8243; _module_preset=&#8221;default&#8221; custom_css_free_form=&#8221;selector b {||      font-size:24px!important;||      ||    }&#8221; global_colors_info=&#8221;{}&#8221;]<\/p>\n<p>This Privacy Policy aims to inform visitors to the **AGME** website about how their personal data is collected, used, and protected.<\/p>\n<p>[\/et_pb_text][\/et_pb_column][\/et_pb_row][et_pb_row _builder_version=&#8221;4.27.4&#8243; _module_preset=&#8221;default&#8221; custom_padding=&#8221;11px|||||&#8221; global_colors_info=&#8221;{}&#8221;][et_pb_column type=&#8221;4_4&#8243; _builder_version=&#8221;4.27.4&#8243; _module_preset=&#8221;default&#8221; global_colors_info=&#8221;{}&#8221;][et_pb_text _builder_version=&#8221;4.27.4&#8243; _module_preset=&#8221;default&#8221; text_font=&#8221;TT Firs gras||||||||&#8221; text_font_size=&#8221;24px&#8221; global_colors_info=&#8221;{}&#8221;]<\/p>\n<p>2. R\u00f4le de AGME<\/p>\n<p>[\/et_pb_text][et_pb_text _builder_version=&#8221;4.27.4&#8243; _module_preset=&#8221;default&#8221; custom_css_free_form=&#8221;selector b {||      font-size:24px!important;||      ||    }&#8221; global_colors_info=&#8221;{}&#8221;]<\/p>\n<p>As the data controller, **AGME** determines the purposes and means of processing your personal data collected through this website.<\/p>\n<p>[\/et_pb_text][\/et_pb_column][\/et_pb_row][et_pb_row _builder_version=&#8221;4.27.4&#8243; _module_preset=&#8221;default&#8221; custom_padding=&#8221;11px|||||&#8221; global_colors_info=&#8221;{}&#8221;][et_pb_column type=&#8221;4_4&#8243; _builder_version=&#8221;4.27.4&#8243; _module_preset=&#8221;default&#8221; global_colors_info=&#8221;{}&#8221;][et_pb_text _builder_version=&#8221;4.27.4&#8243; _module_preset=&#8221;default&#8221; text_font=&#8221;TT Firs gras||||||||&#8221; text_font_size=&#8221;24px&#8221; global_colors_info=&#8221;{}&#8221;]3. Collection of Personal Data[\/et_pb_text][et_pb_text ul_item_indent=&#8221;32px&#8221; _builder_version=&#8221;4.27.4&#8243; _module_preset=&#8221;default&#8221; custom_css_free_form=&#8221;selector b {||      font-size:24px!important;||      ||    }&#8221; global_colors_info=&#8221;{}&#8221;]<\/p>\n<p>Personal data may be collected: &#8211; **Directly via forms:** downloading catalogs, alert procedures, or contact requests. &#8211; **Indirectly via:** 1. **Cookies:** These allow us to collect browsing data and offer personalized advertisements. For more details, consult our cookie policy [link to cookie policy]. 2. **Public databases on the internet.** 3. **Business partners who may transmit information about you, such as your contact details or purchasing preferences.** 4. **Recruitment platforms:** If you apply via recruitment websites or professional social networks (LinkedIn, Indeed, etc.), certain data may be collected to facilitate the recruitment process.<\/p>\n<p>[\/et_pb_text][\/et_pb_column][\/et_pb_row][et_pb_row _builder_version=&#8221;4.27.4&#8243; _module_preset=&#8221;default&#8221; custom_padding=&#8221;11px|||||&#8221; global_colors_info=&#8221;{}&#8221;][et_pb_column type=&#8221;4_4&#8243; _builder_version=&#8221;4.27.4&#8243; _module_preset=&#8221;default&#8221; global_colors_info=&#8221;{}&#8221;][et_pb_text _builder_version=&#8221;4.27.4&#8243; _module_preset=&#8221;default&#8221; text_font=&#8221;TT Firs gras||||||||&#8221; text_font_size=&#8221;24px&#8221; global_colors_info=&#8221;{}&#8221;]4. Purposes and Retention Period of Personal Data[\/et_pb_text][et_pb_text _builder_version=&#8221;4.27.4&#8243; _module_preset=&#8221;default&#8221; custom_css_free_form=&#8221;selector b {||      font-size:24px!important;||      ||    }&#8221; global_colors_info=&#8221;{}&#8221;]<\/p>\n<p>4. Purposes and Retention Period of Personal Data The table below summarizes the processing for which **AGME** may use your personal data.<\/p>\n<p>[\/et_pb_text][et_pb_code _builder_version=&#8221;4.27.4&#8243; _module_preset=&#8221;default&#8221; global_colors_info=&#8221;{}&#8221;]<\/p>\n<table class=\"\u201devents-table\u201d\"><!-- [et_pb_line_break_holder] --><\/p>\n<thead><!-- [et_pb_line_break_holder] --><\/p>\n<tr><!-- [et_pb_line_break_holder] --><\/p>\n<th class=\"\u201devent-date\u201d\">Nom du traitement<\/th>\n<p><!-- [et_pb_line_break_holder] --><\/p>\n<th class=\"\u201devent-time\u201d\">Finalit\u00e9s<\/th>\n<p><!-- [et_pb_line_break_holder] --><\/p>\n<th class=\"\u201devent-description\u201d\">Base(s) l\u00e9gale(s)<\/th>\n<p><!-- [et_pb_line_break_holder] --><\/p>\n<th class=\"\u201devent-description\u201d\">Donn\u00e9es concern\u00e9es<\/th>\n<p><!-- [et_pb_line_break_holder] --><\/p>\n<th class=\"\u201devent-description\u201d\">Dur\u00e9e de conservation<\/th>\n<p><!-- [et_pb_line_break_holder] --><\/tr>\n<p><!-- [et_pb_line_break_holder] --><\/thead>\n<p><!-- [et_pb_line_break_holder] --><\/p>\n<tbody><!-- [et_pb_line_break_holder] --><\/p>\n<tr><!-- [et_pb_line_break_holder] --><\/p>\n<td data-label=\"\u201dDate\u201d\">Formulaires du site (contact, t\u00e9l\u00e9chargement de ressources gratuites, prise de rendez-vous, demande de devis, etc.)<\/td>\n<p><!-- [et_pb_line_break_holder] --><\/p>\n<td data-label=\"\u201dHoraire\u201d\">Traiter votre demande et vous fournir les informations ou les services demand\u00e9s.<\/td>\n<p><!-- [et_pb_line_break_holder] --><\/p>\n<td data-label=\"\u201dEv\u00e8nement\u201d\">Int\u00e9r\u00eat l\u00e9gitime : g\u00e9rer les interactions avec le public (clients et prospects) et permettre de r\u00e9pondre aux demandes qui nous sont adress\u00e9es.<\/td>\n<p><!-- [et_pb_line_break_holder] --><\/p>\n<td data-label=\"\u201dEv\u00e8nement\u201d\">Donn\u00e9es d\u2019identit\u00e9 et de contact; Donn\u00e9es relatives \u00e0 la vie professionnelle.<\/td>\n<p><!-- [et_pb_line_break_holder] --><\/p>\n<td data-label=\"\u201dEv\u00e8nement\u201d\">3 ans \u00e0 compter du dernier contact en base active ; et Archivage \u00e0 titre probatoire pendant 5 ans.<\/td>\n<p><!-- [et_pb_line_break_holder] --><\/tr>\n<p><!-- [et_pb_line_break_holder] --><\/p>\n<tr><!-- [et_pb_line_break_holder] --><\/p>\n<td data-label=\"\u201dDate\u201d\">Recrutement<\/td>\n<p><!-- [et_pb_line_break_holder] --><\/p>\n<td data-label=\"\u201dHoraire\u201d\">\u00c9tudier et g\u00e9rer les candidatures.<\/td>\n<p><!-- [et_pb_line_break_holder] --><\/p>\n<td data-label=\"\u201dEv\u00e8nement\u201d\">Mesures pr\u00e9contractuelles; Consentement pour conserver les CV dans une biblioth\u00e8que (CVth\u00e8que).<\/td>\n<p><!-- [et_pb_line_break_holder] --><\/p>\n<td data-label=\"\u201dEv\u00e8nement\u201d\">Toutes informations figurant dans le CV, notamment: &#8211; Donn\u00e9es d\u2019identit\u00e9 et de contact ; &#8211; Donn\u00e9es relatives \u00e0 la vie professionnelle; &#8211; Donn\u00e9es relatives \u00e0 la vie personnelle.<\/td>\n<p><!-- [et_pb_line_break_holder] --><\/p>\n<td data-label=\"\u201dEv\u00e8nement\u201d\">3 mois apr\u00e8s le dernier contact ou jusqu\u2019\u00e0 2 ans avec le consentement<\/td>\n<p><!-- [et_pb_line_break_holder] --><\/tr>\n<p><!-- [et_pb_line_break_holder] --><\/p>\n<tr><!-- [et_pb_line_break_holder] --><\/p>\n<td data-label=\"\u201dDate\u201d\">Organisation d\u2019\u00e9v\u00e8nements (diffusion de webinaires, participation \u00e0 des salons, organisation de jeux-concours, etc.)<\/td>\n<p><!-- [et_pb_line_break_holder] --><\/p>\n<td data-label=\"\u201dHoraire\u201d\">Gestion de l\u2019organisation d\u2019\u00e9v\u00e8nements: \u00b7 Envoi d\u2019invitations, \u00b7 Suivi des inscriptions, \u00b7 Suivi de la satisfaction<\/td>\n<p><!-- [et_pb_line_break_holder] --><\/p>\n<td data-label=\"\u201dEv\u00e8nement\u201d\">Int\u00e9r\u00eat l\u00e9gitime: promouvoir et am\u00e9liorer les \u00e9v\u00e8nements aupr\u00e8s d\u2019un public de professionnels et d\u2019organiser ces \u00e9v\u00e8nements.<\/td>\n<p><!-- [et_pb_line_break_holder] --><\/p>\n<td data-label=\"\u201dEv\u00e8nement\u201d\">Donn\u00e9es d\u2019identit\u00e9 et de contact ; Donn\u00e9es relatives \u00e0 l\u2019inscription et \u00e0 la participation aux \u00e9v\u00e8nements.<\/td>\n<p><!-- [et_pb_line_break_holder] --><\/p>\n<td data-label=\"\u201dEv\u00e8nement\u201d\">3 ans \u00e0 compter du dernier contact en base active ; et Archivage \u00e0 titre probatoire pendant 5 ans.<\/td>\n<p><!-- [et_pb_line_break_holder] --><\/tr>\n<p><!-- [et_pb_line_break_holder] --><\/p>\n<tr><!-- [et_pb_line_break_holder] --><\/p>\n<td data-label=\"\u201dDate\u201d\">D\u00e9p\u00f4t de cookies (pour plus d\u2019information, consultez la politique cookies du site)<\/td>\n<p><!-- [et_pb_line_break_holder] --><\/p>\n<td data-label=\"\u201dHoraire\u201d\">Assurer le fonctionnement du site internet et sa s\u00e9curit\u00e9 ; Obtenir des statistiques<\/td>\n<p><!-- [et_pb_line_break_holder] --><\/p>\n<td data-label=\"\u201dEv\u00e8nement\u201d\">Pour les cookies fonctionnels : int\u00e9r\u00eat l\u00e9gitime \u00e0 proposer du contenu en ligne, assurer le bon fonctionnement du site et le s\u00e9curiser ; Cookies optionnels : consentement.<\/td>\n<p><!-- [et_pb_line_break_holder] --><\/p>\n<td data-label=\"\u201dEv\u00e8nement\u201d\">Donn\u00e9es de navigation ; Donn\u00e9es d\u2019identification du mat\u00e9riel utilis\u00e9 pour naviguer sur le site<\/td>\n<p><!-- [et_pb_line_break_holder] --><\/p>\n<td data-label=\"\u201dEv\u00e8nement\u201d\">Dur\u00e9e de vie des traceurs : 13 mois ; et Conservation des donn\u00e9es : maximum 25 mois.<\/td>\n<p><!-- [et_pb_line_break_holder] --><\/tr>\n<p><!-- [et_pb_line_break_holder] --><\/p>\n<tr><!-- [et_pb_line_break_holder] --><\/p>\n<td data-label=\"\u201dDate\u201d\">Gestion des demandes de droits<\/td>\n<p><!-- [et_pb_line_break_holder] --><\/p>\n<td data-label=\"\u201dHoraire\u201d\">Recevoir, r\u00e9pondre et documenter les demandes de droits.<\/td>\n<p><!-- [et_pb_line_break_holder] --><\/p>\n<td data-label=\"\u201dEv\u00e8nement\u201d\">Obligation l\u00e9gale : RGPD.<\/td>\n<p><!-- [et_pb_line_break_holder] --><\/p>\n<td data-label=\"\u201dEv\u00e8nement\u201d\">Donn\u00e9es d\u2019identit\u00e9 et de contact.<\/td>\n<p><!-- [et_pb_line_break_holder] --><\/p>\n<td data-label=\"\u201dEv\u00e8nement\u201d\">Dur\u00e9e n\u00e9cessaire au traitement de la demande ; et Archivage \u00e0 titre probatoire pendant 5 ans.<\/td>\n<p><!-- [et_pb_line_break_holder] --><\/tr>\n<p><!-- [et_pb_line_break_holder] --><\/tbody>\n<p><!-- [et_pb_line_break_holder] --><\/table>\n<p>[\/et_pb_code][\/et_pb_column][\/et_pb_row][et_pb_row _builder_version=&#8221;4.27.4&#8243; _module_preset=&#8221;default&#8221; custom_padding=&#8221;11px|||||&#8221; global_colors_info=&#8221;{}&#8221;][et_pb_column type=&#8221;4_4&#8243; _builder_version=&#8221;4.27.4&#8243; _module_preset=&#8221;default&#8221; global_colors_info=&#8221;{}&#8221;][et_pb_text _builder_version=&#8221;4.27.4&#8243; _module_preset=&#8221;default&#8221; text_font=&#8221;TT Firs gras||||||||&#8221; text_font_size=&#8221;24px&#8221; global_colors_info=&#8221;{}&#8221;]5. Recipients of Collected Personal Data   [\/et_pb_text][et_pb_text _builder_version=&#8221;4.27.4&#8243; _module_preset=&#8221;default&#8221; hover_enabled=&#8221;0&#8243; global_colors_info=&#8221;{}&#8221; sticky_enabled=&#8221;0&#8243;]<\/p>\n<p>The collected personal data may be disclosed to the following categories of recipients, in compliance with applicable regulations: &#8211; **Within AGME (internal recipients)** Your personal data is processed by authorized personnel of **AGME**. &#8211; **Within NOVAKAMP (internal recipients)** Your personal data is processed by authorized personnel of **NOVAKAMP**. &#8211; **Outside KAMP ALLIANCE (external recipients)** Several categories of third parties listed below may have access to your personal data. Only the strictly necessary personal data is transmitted to them. &#8211; **IT service providers:** We use subcontractors for website hosting and maintenance. &#8211; **Marketing service providers:** Specialized agencies may be used for data analysis. &#8211; **CRM tools and electronic messaging:** Your data may be stored in tools for customer relationship management and communication sending. We ensure that, regarding personal data, these subcontractors contractually commit to implementing a level of protection equivalent to ours and in compliance with regulations. &#8211; **Special cases of data sharing:** **AGME** commits not to transmit your personal data to service providers unless: 1. You have given prior consent for the sharing of your personal data with these providers, 2. The sharing of your personal data with these providers is necessary for the provision of the requested products or services, 3. A competent judicial or administrative authority requires the data to be transmitted.<\/p>\n<p>[\/et_pb_text][\/et_pb_column][\/et_pb_row][et_pb_row _builder_version=&#8221;4.27.4&#8243; _module_preset=&#8221;default&#8221; custom_padding=&#8221;11px|||||&#8221; global_colors_info=&#8221;{}&#8221;][et_pb_column type=&#8221;4_4&#8243; _builder_version=&#8221;4.27.4&#8243; _module_preset=&#8221;default&#8221; global_colors_info=&#8221;{}&#8221;][et_pb_text _builder_version=&#8221;4.27.4&#8243; _module_preset=&#8221;default&#8221; text_font=&#8221;TT Firs gras||||||||&#8221; text_font_size=&#8221;24px&#8221; global_colors_info=&#8221;{}&#8221;]6. Transfer Outside the EU[\/et_pb_text][et_pb_text _builder_version=&#8221;4.27.4&#8243; _module_preset=&#8221;default&#8221; custom_css_free_form=&#8221;selector b {||      font-size:24px!important;||      ||    }&#8221; global_colors_info=&#8221;{}&#8221;]We strive to keep your personal data within the European Union; however, some services we use may involve potential transfers. Concerned about the security and confidentiality of your data, we inform you that when your data is transferred outside the EU, we ensure that these transfers are made to:<br \/>&#8211; Either a country recognized by the European Commission as ensuring an adequate level of protection;<br \/>&#8211; Or a country not offering adequate protection, but where the transfer is permitted, particularly when framed by the standard contractual clauses of the European Commission, which the CNIL has recognized as ensuring a sufficient level of protection for privacy and fundamental rights of individuals.[\/et_pb_text][\/et_pb_column][\/et_pb_row][et_pb_row _builder_version=&#8221;4.27.4&#8243; _module_preset=&#8221;default&#8221; custom_padding=&#8221;11px|||||&#8221; global_colors_info=&#8221;{}&#8221;][et_pb_column type=&#8221;4_4&#8243; _builder_version=&#8221;4.27.4&#8243; _module_preset=&#8221;default&#8221; global_colors_info=&#8221;{}&#8221;][et_pb_text _builder_version=&#8221;4.27.4&#8243; _module_preset=&#8221;default&#8221; text_font=&#8221;TT Firs gras||||||||&#8221; text_font_size=&#8221;24px&#8221; global_colors_info=&#8221;{}&#8221;]7. Your Rights Regarding Your Data[\/et_pb_text][et_pb_text _builder_version=&#8221;4.27.4&#8243; _module_preset=&#8221;default&#8221; custom_css_free_form=&#8221;selector b {||      font-size:24px!important;||      ||    }&#8221; global_colors_info=&#8221;{}&#8221;]1. **Right of Access**<br \/>You can request and obtain information about the personal data we hold about you.<br \/>2. **Right to Rectification**<br \/>You have the right to request the correction of your inaccurate or incomplete personal data.<br \/>3. **Right to Erasure**<br \/>Also known as the &#8220;right to be forgotten,&#8221; it allows you to request the deletion of your personal data, except if the data must be retained:<br \/>&#8211; To comply with a legal obligation,<br \/>&#8211; For the establishment, exercise, or defense of legal claims.<br \/>4. **Right to Restriction of Processing**<br \/>This right allows you to request the restriction of the use of your personal data under certain circumstances:<br \/>&#8211; You have requested the rectification of your data; processing may then be restricted while the necessary verifications are carried out;<br \/>&#8211; The processing is unlawful, and you oppose the erasure of your data;<br \/>&#8211; The controller no longer needs your data, but it is necessary for you to establish, exercise, or defend a legal claim;<br \/>&#8211; You have objected to the processing, and we are verifying whether the legitimate grounds pursued prevail over your grounds.<br \/>5. **Right to Data Portability**<br \/>You can receive your personal data in a structured, machine-readable format and transfer it to another organization.<br \/>6. **Right to Object**<br \/>You have the right to object to the processing of your personal data for legitimate reasons, unless there are compelling legitimate grounds for continuing the processing.<br \/>Several processing operations of your personal data are conditioned by your consent. You can withdraw it at any time.<br \/>7. **Right to Lodge a Complaint with the CNIL**<br \/>You also have the right to lodge a complaint with the CNIL, the supervisory authority (www.cnil.fr).[\/et_pb_text][\/et_pb_column][\/et_pb_row][et_pb_row _builder_version=&#8221;4.27.4&#8243; _module_preset=&#8221;default&#8221; custom_padding=&#8221;11px|||||&#8221; global_colors_info=&#8221;{}&#8221;][et_pb_column type=&#8221;4_4&#8243; _builder_version=&#8221;4.27.4&#8243; _module_preset=&#8221;default&#8221; global_colors_info=&#8221;{}&#8221;][et_pb_text _builder_version=&#8221;4.27.4&#8243; _module_preset=&#8221;default&#8221; text_font=&#8221;TT Firs gras||||||||&#8221; text_font_size=&#8221;24px&#8221; global_colors_info=&#8221;{}&#8221;]8. How to Exercise Your Rights[\/et_pb_text][et_pb_text _builder_version=&#8221;4.27.4&#8243; _module_preset=&#8221;default&#8221; global_colors_info=&#8221;{}&#8221;]<\/p>\n<p>You can submit your requests using the following means: &#8211; **Postal address:** AGME, 1-3 rue Pierre Emmanuel, 95330 Domont, France &#8211; **Email address:** <b>dpo@novakamp.fr<\/b> **AGME** has one month to respond to you from the receipt of your request. This period may be extended by two months due to the complexity of your request and the number of requests we receive; in this case, you will be informed.<\/p>\n<p>[\/et_pb_text][\/et_pb_column][\/et_pb_row][et_pb_row _builder_version=&#8221;4.27.4&#8243; _module_preset=&#8221;default&#8221; custom_padding=&#8221;11px|||||&#8221; global_colors_info=&#8221;{}&#8221;][et_pb_column type=&#8221;4_4&#8243; _builder_version=&#8221;4.27.4&#8243; _module_preset=&#8221;default&#8221; global_colors_info=&#8221;{}&#8221;][et_pb_text _builder_version=&#8221;4.27.4&#8243; _module_preset=&#8221;default&#8221; text_font=&#8221;TT Firs gras||||||||&#8221; text_font_size=&#8221;24px&#8221; global_colors_info=&#8221;{}&#8221;]9. Modification of the Policy[\/et_pb_text][et_pb_text _builder_version=&#8221;4.27.4&#8243; _module_preset=&#8221;default&#8221; global_colors_info=&#8221;{}&#8221;]This privacy policy may be updated.[\/et_pb_text][\/et_pb_column][\/et_pb_row][\/et_pb_section]<\/p>\n","protected":false},"excerpt":{"rendered":"<p>Privacy PolicyLast update\u00a0: 13\/08\/20251. Purpose of the Privacy PolicyThis Privacy Policy aims to inform visitors to the **AGME** website about how their personal data is collected, used, and protected.2. R\u00f4le de AGMEAs the data controller, **AGME** determines the purposes and means of processing your personal data collected through this website.3. Collection of Personal DataPersonal data [&hellip;]<\/p>\n","protected":false},"author":1,"featured_media":0,"parent":0,"menu_order":0,"comment_status":"closed","ping_status":"closed","template":"","meta":{"_et_pb_use_builder":"on","_et_pb_old_content":"","_et_gb_content_width":"","inline_featured_image":false,"footnotes":""},"dipi_cpt_category":[],"class_list":["post-1239","page","type-page","status-publish","hentry"],"_links":{"self":[{"href":"https:\/\/agmeca.com\/en\/wp-json\/wp\/v2\/pages\/1239","targetHints":{"allow":["GET"]}}],"collection":[{"href":"https:\/\/agmeca.com\/en\/wp-json\/wp\/v2\/pages"}],"about":[{"href":"https:\/\/agmeca.com\/en\/wp-json\/wp\/v2\/types\/page"}],"author":[{"embeddable":true,"href":"https:\/\/agmeca.com\/en\/wp-json\/wp\/v2\/users\/1"}],"replies":[{"embeddable":true,"href":"https:\/\/agmeca.com\/en\/wp-json\/wp\/v2\/comments?post=1239"}],"version-history":[{"count":5,"href":"https:\/\/agmeca.com\/en\/wp-json\/wp\/v2\/pages\/1239\/revisions"}],"predecessor-version":[{"id":2241,"href":"https:\/\/agmeca.com\/en\/wp-json\/wp\/v2\/pages\/1239\/revisions\/2241"}],"wp:attachment":[{"href":"https:\/\/agmeca.com\/en\/wp-json\/wp\/v2\/media?parent=1239"}],"wp:term":[{"taxonomy":"dipi_cpt_category","embeddable":true,"href":"https:\/\/agmeca.com\/en\/wp-json\/wp\/v2\/dipi_cpt_category?post=1239"}],"curies":[{"name":"wp","href":"https:\/\/api.w.org\/{rel}","templated":true}]}}